{"id":15298,"date":"2023-03-03T08:37:17","date_gmt":"2023-03-03T08:37:17","guid":{"rendered":"https:\/\/resortspa1.wpengine.com\/?page_id=15298"},"modified":"2025-08-12T18:02:52","modified_gmt":"2025-08-12T18:02:52","slug":"gallery","status":"publish","type":"page","link":"https:\/\/www.paradiseresortdoclet.com\/vi\/gallery\/","title":{"rendered":"Gallery\u200b"},"content":{"rendered":"<div data-elementor-type=\"wp-page\" data-elementor-id=\"15298\" class=\"elementor elementor-15298\" data-elementor-post-type=\"page\">\n\t\t\t\t<div class=\"elementor-element elementor-element-6473b49d e-flex e-con-boxed e-con e-parent\" data-id=\"6473b49d\" data-element_type=\"container\" data-e-type=\"container\">\n\t\t\t\t\t<div class=\"e-con-inner\">\n\t\t\t\t<div class=\"elementor-element elementor-element-477c1344 animated-slow vi-h elementor-invisible elementor-widget elementor-widget-heading\" data-id=\"477c1344\" data-element_type=\"widget\" data-e-type=\"widget\" data-settings=\"{&quot;_animation&quot;:&quot;fadeIn&quot;}\" data-widget_type=\"heading.default\">\n\t\t\t\t\t<h6 class=\"elementor-heading-title elementor-size-default\">Kh\u00e1m Ph\u00e1 Thi\u00ean \u0110\u01b0\u1eddng Nhi\u1ec7t \u0110\u1edbi <\/h6>\t\t\t\t<\/div>\n\t\t\t\t<div class=\"elementor-element elementor-element-64f454b elementor-invisible elementor-widget elementor-widget-st_stt_gallery\" data-id=\"64f454b\" data-element_type=\"widget\" data-e-type=\"widget\" data-settings=\"{&quot;_animation&quot;:&quot;fadeIn&quot;}\" data-widget_type=\"st_stt_gallery.default\">\n\t\t\t\t<div class=\"elementor-widget-container\">\n\t\t\t\t\t<div class=\"st-gallery-lightbox\">\r\n    <div class=\"nav nav-tabs\" id=\"nav-tab\" role=\"tablist\">\r\n        <button class=\"nav-link active\" id=\"nav-1-tab\" data-bs-toggle=\"tab\" data-bs-target=\"#nav-1\" type=\"button\" role=\"tab\" aria-controls=\"nav-1\" aria-selected=\"true\"><\/button>    <\/div>\r\n    <div class=\"tab-content\" id=\"nav-tabContent\">\r\n        <div class=\"tab-pane fade active show\" id=\"nav-1\" role=\"tabpanel\" aria-labelledby=\"nav-1-tab\" tabindex=\"0\"><div class=\"popup-st-gallery\"><div class=\"row\"><div class=\"col-6 col-sm-6 col-lg-4\"><a href=\"https:\/\/www.paradiseresortdoclet.com\/wp-content\/uploads\/2023\/09\/cropped-IMG_8697.jpg\"  title=\"\" data-elementor-open-lightbox=\"no\"><img decoding=\"async\" src=\"https:\/\/www.paradiseresortdoclet.com\/wp-content\/uploads\/2023\/09\/cropped-IMG_8697.jpg\"><\/a><\/div><div class=\"col-6 col-sm-6 col-lg-4\"><a href=\"https:\/\/www.paradiseresortdoclet.com\/wp-content\/uploads\/2023\/08\/IMG_0476.jpg\"  title=\"\" data-elementor-open-lightbox=\"no\"><img decoding=\"async\" src=\"https:\/\/www.paradiseresortdoclet.com\/wp-content\/uploads\/2023\/08\/IMG_0476.jpg\"><\/a><\/div><div class=\"col-6 col-sm-6 col-lg-4\"><a href=\"https:\/\/www.paradiseresortdoclet.com\/wp-content\/uploads\/2023\/10\/z4559573507927_2eb39beaa86f3dcd87853ff70caea881.jpg\"  title=\"\" data-elementor-open-lightbox=\"no\"><img decoding=\"async\" src=\"https:\/\/www.paradiseresortdoclet.com\/wp-content\/uploads\/2023\/10\/z4559573507927_2eb39beaa86f3dcd87853ff70caea881.jpg\"><\/a><\/div><div class=\"col-6 col-sm-6 col-lg-4\"><a href=\"https:\/\/www.paradiseresortdoclet.com\/wp-content\/uploads\/2023\/08\/IMG_9524.jpg\"  title=\"\" data-elementor-open-lightbox=\"no\"><img decoding=\"async\" src=\"https:\/\/www.paradiseresortdoclet.com\/wp-content\/uploads\/2023\/08\/IMG_9524.jpg\"><\/a><\/div><div class=\"col-6 col-sm-6 col-lg-4\"><a href=\"https:\/\/www.paradiseresortdoclet.com\/wp-content\/uploads\/2023\/08\/IMG_9557.jpg\"  title=\"\" data-elementor-open-lightbox=\"no\"><img decoding=\"async\" src=\"https:\/\/www.paradiseresortdoclet.com\/wp-content\/uploads\/2023\/08\/IMG_9557.jpg\"><\/a><\/div><div class=\"col-6 col-sm-6 col-lg-4\"><a href=\"https:\/\/www.paradiseresortdoclet.com\/wp-content\/uploads\/2023\/10\/IMG_6973.jpg\"  title=\"\" data-elementor-open-lightbox=\"no\"><img decoding=\"async\" src=\"https:\/\/www.paradiseresortdoclet.com\/wp-content\/uploads\/2023\/10\/IMG_6973.jpg\"><\/a><\/div><div class=\"col-6 col-sm-6 col-lg-4\"><a href=\"https:\/\/www.paradiseresortdoclet.com\/wp-content\/uploads\/2023\/09\/z4600414366901_7c12b8cda5472b5051336a3d66f122e0.jpg\"  title=\"\" data-elementor-open-lightbox=\"no\"><img decoding=\"async\" src=\"https:\/\/www.paradiseresortdoclet.com\/wp-content\/uploads\/2023\/09\/z4600414366901_7c12b8cda5472b5051336a3d66f122e0.jpg\"><\/a><\/div><div class=\"col-6 col-sm-6 col-lg-4\"><a href=\"https:\/\/www.paradiseresortdoclet.com\/wp-content\/uploads\/2023\/08\/b59978cc-5da1-46dd-85e2-9203bfb45857.jpg\"  title=\"\" data-elementor-open-lightbox=\"no\"><img decoding=\"async\" src=\"https:\/\/www.paradiseresortdoclet.com\/wp-content\/uploads\/2023\/08\/b59978cc-5da1-46dd-85e2-9203bfb45857.jpg\"><\/a><\/div><div class=\"col-6 col-sm-6 col-lg-4\"><a href=\"https:\/\/www.paradiseresortdoclet.com\/wp-content\/uploads\/2023\/10\/z4559579305739_bd058b1e0478967c5c8fb41a85f92f38.jpg\"  title=\"\" data-elementor-open-lightbox=\"no\"><img decoding=\"async\" src=\"https:\/\/www.paradiseresortdoclet.com\/wp-content\/uploads\/2023\/10\/z4559579305739_bd058b1e0478967c5c8fb41a85f92f38.jpg\"><\/a><\/div><div class=\"col-6 col-sm-6 col-lg-4\"><a href=\"https:\/\/www.paradiseresortdoclet.com\/wp-content\/uploads\/2023\/08\/IMG_9534.jpg\"  title=\"\" data-elementor-open-lightbox=\"no\"><img decoding=\"async\" src=\"https:\/\/www.paradiseresortdoclet.com\/wp-content\/uploads\/2023\/08\/IMG_9534.jpg\"><\/a><\/div><div class=\"col-6 col-sm-6 col-lg-4\"><a href=\"https:\/\/www.paradiseresortdoclet.com\/wp-content\/uploads\/2023\/08\/IMG_0480-2.jpg\"  title=\"\" data-elementor-open-lightbox=\"no\"><img decoding=\"async\" src=\"https:\/\/www.paradiseresortdoclet.com\/wp-content\/uploads\/2023\/08\/IMG_0480-2.jpg\"><\/a><\/div><div class=\"col-6 col-sm-6 col-lg-4\"><a href=\"https:\/\/www.paradiseresortdoclet.com\/wp-content\/uploads\/2023\/08\/z4594723510597_d149dccc4e2c2fe79ad05b0b4aecf79b.jpg\"  title=\"\" data-elementor-open-lightbox=\"no\"><img decoding=\"async\" src=\"https:\/\/www.paradiseresortdoclet.com\/wp-content\/uploads\/2023\/08\/z4594723510597_d149dccc4e2c2fe79ad05b0b4aecf79b.jpg\"><\/a><\/div><div class=\"col-6 col-sm-6 col-lg-4\"><a href=\"https:\/\/www.paradiseresortdoclet.com\/wp-content\/uploads\/2023\/10\/IMG_1261.jpg\"  title=\"\" data-elementor-open-lightbox=\"no\"><img decoding=\"async\" src=\"https:\/\/www.paradiseresortdoclet.com\/wp-content\/uploads\/2023\/10\/IMG_1261.jpg\"><\/a><\/div><div class=\"col-6 col-sm-6 col-lg-4\"><a href=\"https:\/\/www.paradiseresortdoclet.com\/wp-content\/uploads\/2023\/10\/IMG_1268.jpg\"  title=\"\" data-elementor-open-lightbox=\"no\"><img decoding=\"async\" src=\"https:\/\/www.paradiseresortdoclet.com\/wp-content\/uploads\/2023\/10\/IMG_1268.jpg\"><\/a><\/div><div class=\"col-6 col-sm-6 col-lg-4\"><a href=\"https:\/\/www.paradiseresortdoclet.com\/wp-content\/uploads\/2023\/08\/paradise-resort-doclet.png\"  title=\"\" data-elementor-open-lightbox=\"no\"><img decoding=\"async\" src=\"https:\/\/www.paradiseresortdoclet.com\/wp-content\/uploads\/2023\/08\/paradise-resort-doclet.png\"><\/a><\/div><div class=\"col-6 col-sm-6 col-lg-4\"><a href=\"https:\/\/www.paradiseresortdoclet.com\/wp-content\/uploads\/2023\/10\/IMG_1269.jpg\"  title=\"\" data-elementor-open-lightbox=\"no\"><img decoding=\"async\" src=\"https:\/\/www.paradiseresortdoclet.com\/wp-content\/uploads\/2023\/10\/IMG_1269.jpg\"><\/a><\/div><div class=\"col-6 col-sm-6 col-lg-4\"><a href=\"https:\/\/www.paradiseresortdoclet.com\/wp-content\/uploads\/2023\/10\/IMG_3461.jpg\"  title=\"\" data-elementor-open-lightbox=\"no\"><img decoding=\"async\" src=\"https:\/\/www.paradiseresortdoclet.com\/wp-content\/uploads\/2023\/10\/IMG_3461.jpg\"><\/a><\/div><div class=\"col-6 col-sm-6 col-lg-4\"><a href=\"https:\/\/www.paradiseresortdoclet.com\/wp-content\/uploads\/2023\/10\/IMG_4265.jpg\"  title=\"\" data-elementor-open-lightbox=\"no\"><img decoding=\"async\" src=\"https:\/\/www.paradiseresortdoclet.com\/wp-content\/uploads\/2023\/10\/IMG_4265.jpg\"><\/a><\/div><div class=\"col-6 col-sm-6 col-lg-4\"><a href=\"https:\/\/www.paradiseresortdoclet.com\/wp-content\/uploads\/2023\/10\/IMG_9559.jpg\"  title=\"\" data-elementor-open-lightbox=\"no\"><img decoding=\"async\" src=\"https:\/\/www.paradiseresortdoclet.com\/wp-content\/uploads\/2023\/10\/IMG_9559.jpg\"><\/a><\/div><div class=\"col-6 col-sm-6 col-lg-4\"><a href=\"https:\/\/www.paradiseresortdoclet.com\/wp-content\/uploads\/2023\/10\/IMG_9556.jpg\"  title=\"\" data-elementor-open-lightbox=\"no\"><img decoding=\"async\" src=\"https:\/\/www.paradiseresortdoclet.com\/wp-content\/uploads\/2023\/10\/IMG_9556.jpg\"><\/a><\/div><div class=\"col-6 col-sm-6 col-lg-4\"><a href=\"https:\/\/www.paradiseresortdoclet.com\/wp-content\/uploads\/2023\/10\/IMG_4269.jpg\"  title=\"\" data-elementor-open-lightbox=\"no\"><img decoding=\"async\" src=\"https:\/\/www.paradiseresortdoclet.com\/wp-content\/uploads\/2023\/10\/IMG_4269.jpg\"><\/a><\/div><div class=\"col-6 col-sm-6 col-lg-4\"><a href=\"https:\/\/www.paradiseresortdoclet.com\/wp-content\/uploads\/2023\/10\/IMG_6537.jpg\"  title=\"\" data-elementor-open-lightbox=\"no\"><img decoding=\"async\" src=\"https:\/\/www.paradiseresortdoclet.com\/wp-content\/uploads\/2023\/10\/IMG_6537.jpg\"><\/a><\/div><div class=\"col-6 col-sm-6 col-lg-4\"><a href=\"https:\/\/www.paradiseresortdoclet.com\/wp-content\/uploads\/2023\/10\/IMG_5613.jpg\"  title=\"\" data-elementor-open-lightbox=\"no\"><img decoding=\"async\" src=\"https:\/\/www.paradiseresortdoclet.com\/wp-content\/uploads\/2023\/10\/IMG_5613.jpg\"><\/a><\/div><div class=\"col-6 col-sm-6 col-lg-4\"><a href=\"https:\/\/www.paradiseresortdoclet.com\/wp-content\/uploads\/2023\/10\/IMG_4331.jpg\"  title=\"\" data-elementor-open-lightbox=\"no\"><img decoding=\"async\" src=\"https:\/\/www.paradiseresortdoclet.com\/wp-content\/uploads\/2023\/10\/IMG_4331.jpg\"><\/a><\/div><div class=\"col-6 col-sm-6 col-lg-4\"><a href=\"https:\/\/www.paradiseresortdoclet.com\/wp-content\/uploads\/2023\/10\/IMG_3462.jpg\"  title=\"\" data-elementor-open-lightbox=\"no\"><img decoding=\"async\" src=\"https:\/\/www.paradiseresortdoclet.com\/wp-content\/uploads\/2023\/10\/IMG_3462.jpg\"><\/a><\/div><div class=\"col-6 col-sm-6 col-lg-4\"><a href=\"https:\/\/www.paradiseresortdoclet.com\/wp-content\/uploads\/2023\/10\/IMG_5017.jpg\"  title=\"\" data-elementor-open-lightbox=\"no\"><img decoding=\"async\" src=\"https:\/\/www.paradiseresortdoclet.com\/wp-content\/uploads\/2023\/10\/IMG_5017.jpg\"><\/a><\/div><div class=\"col-6 col-sm-6 col-lg-4\"><a href=\"https:\/\/www.paradiseresortdoclet.com\/wp-content\/uploads\/2023\/10\/IMG_6294.jpg\"  title=\"\" data-elementor-open-lightbox=\"no\"><img decoding=\"async\" src=\"https:\/\/www.paradiseresortdoclet.com\/wp-content\/uploads\/2023\/10\/IMG_6294.jpg\"><\/a><\/div><div class=\"col-6 col-sm-6 col-lg-4\"><a href=\"https:\/\/www.paradiseresortdoclet.com\/wp-content\/uploads\/2023\/10\/IMG_6247.jpg\"  title=\"\" data-elementor-open-lightbox=\"no\"><img decoding=\"async\" src=\"https:\/\/www.paradiseresortdoclet.com\/wp-content\/uploads\/2023\/10\/IMG_6247.jpg\"><\/a><\/div><div class=\"col-6 col-sm-6 col-lg-4\"><a href=\"https:\/\/www.paradiseresortdoclet.com\/wp-content\/uploads\/2023\/08\/IMG_9560.jpg\"  title=\"\" data-elementor-open-lightbox=\"no\"><img decoding=\"async\" src=\"https:\/\/www.paradiseresortdoclet.com\/wp-content\/uploads\/2023\/08\/IMG_9560.jpg\"><\/a><\/div><div class=\"col-6 col-sm-6 col-lg-4\"><a href=\"https:\/\/www.paradiseresortdoclet.com\/wp-content\/uploads\/2023\/10\/IMG_5606.jpg\"  title=\"\" data-elementor-open-lightbox=\"no\"><img decoding=\"async\" src=\"https:\/\/www.paradiseresortdoclet.com\/wp-content\/uploads\/2023\/10\/IMG_5606.jpg\"><\/a><\/div><div class=\"col-6 col-sm-6 col-lg-4\"><a href=\"https:\/\/www.paradiseresortdoclet.com\/wp-content\/uploads\/2023\/10\/IMG_6667.jpg\"  title=\"\" data-elementor-open-lightbox=\"no\"><img decoding=\"async\" src=\"https:\/\/www.paradiseresortdoclet.com\/wp-content\/uploads\/2023\/10\/IMG_6667.jpg\"><\/a><\/div><div class=\"col-6 col-sm-6 col-lg-4\"><a href=\"https:\/\/www.paradiseresortdoclet.com\/wp-content\/uploads\/2023\/10\/IMG_6669.jpg\"  title=\"\" data-elementor-open-lightbox=\"no\"><img decoding=\"async\" src=\"https:\/\/www.paradiseresortdoclet.com\/wp-content\/uploads\/2023\/10\/IMG_6669.jpg\"><\/a><\/div><div class=\"col-6 col-sm-6 col-lg-4\"><a href=\"https:\/\/www.paradiseresortdoclet.com\/wp-content\/uploads\/2023\/10\/IMG_6711.jpg\"  title=\"\" data-elementor-open-lightbox=\"no\"><img decoding=\"async\" src=\"https:\/\/www.paradiseresortdoclet.com\/wp-content\/uploads\/2023\/10\/IMG_6711.jpg\"><\/a><\/div><div class=\"col-6 col-sm-6 col-lg-4\"><a href=\"https:\/\/www.paradiseresortdoclet.com\/wp-content\/uploads\/2023\/10\/IMG_2077.jpg\"  title=\"\" data-elementor-open-lightbox=\"no\"><img decoding=\"async\" src=\"https:\/\/www.paradiseresortdoclet.com\/wp-content\/uploads\/2023\/10\/IMG_2077.jpg\"><\/a><\/div><div class=\"col-6 col-sm-6 col-lg-4\"><a href=\"https:\/\/www.paradiseresortdoclet.com\/wp-content\/uploads\/2023\/10\/IMG_8128.jpg\"  title=\"\" data-elementor-open-lightbox=\"no\"><img decoding=\"async\" src=\"https:\/\/www.paradiseresortdoclet.com\/wp-content\/uploads\/2023\/10\/IMG_8128.jpg\"><\/a><\/div><div class=\"col-6 col-sm-6 col-lg-4\"><a href=\"https:\/\/www.paradiseresortdoclet.com\/wp-content\/uploads\/2023\/10\/z4784740047626_d4d8ee19f52a36002916db51fb453f2a.jpg\"  title=\"\" data-elementor-open-lightbox=\"no\"><img decoding=\"async\" src=\"https:\/\/www.paradiseresortdoclet.com\/wp-content\/uploads\/2023\/10\/z4784740047626_d4d8ee19f52a36002916db51fb453f2a.jpg\"><\/a><\/div><div class=\"col-6 col-sm-6 col-lg-4\"><a href=\"https:\/\/www.paradiseresortdoclet.com\/wp-content\/uploads\/2023\/10\/z4786037612636_3fb362d1e41a68a2b995a3c7d8a70b2f.jpg\"  title=\"\" data-elementor-open-lightbox=\"no\"><img decoding=\"async\" src=\"https:\/\/www.paradiseresortdoclet.com\/wp-content\/uploads\/2023\/10\/z4786037612636_3fb362d1e41a68a2b995a3c7d8a70b2f.jpg\"><\/a><\/div><div class=\"col-6 col-sm-6 col-lg-4\"><a href=\"https:\/\/www.paradiseresortdoclet.com\/wp-content\/uploads\/2023\/10\/z4784740558140_c04b314c8e5d5fdd2391365c161d814d.jpg\"  title=\"\" data-elementor-open-lightbox=\"no\"><img decoding=\"async\" src=\"https:\/\/www.paradiseresortdoclet.com\/wp-content\/uploads\/2023\/10\/z4784740558140_c04b314c8e5d5fdd2391365c161d814d.jpg\"><\/a><\/div><div class=\"col-6 col-sm-6 col-lg-4\"><a href=\"https:\/\/www.paradiseresortdoclet.com\/wp-content\/uploads\/2023\/10\/z4784740065030_92f7192628ca039f695265490c8fbaae.jpg\"  title=\"\" data-elementor-open-lightbox=\"no\"><img decoding=\"async\" src=\"https:\/\/www.paradiseresortdoclet.com\/wp-content\/uploads\/2023\/10\/z4784740065030_92f7192628ca039f695265490c8fbaae.jpg\"><\/a><\/div><div class=\"col-6 col-sm-6 col-lg-4\"><a href=\"https:\/\/www.paradiseresortdoclet.com\/wp-content\/uploads\/2023\/10\/IMG_9532.jpg\"  title=\"\" data-elementor-open-lightbox=\"no\"><img decoding=\"async\" src=\"https:\/\/www.paradiseresortdoclet.com\/wp-content\/uploads\/2023\/10\/IMG_9532.jpg\"><\/a><\/div><div class=\"col-6 col-sm-6 col-lg-4\"><a href=\"https:\/\/www.paradiseresortdoclet.com\/wp-content\/uploads\/2023\/10\/z4784739986531_308a19e27adc85b6707eb5cfcb986307.jpg\"  title=\"\" data-elementor-open-lightbox=\"no\"><img decoding=\"async\" src=\"https:\/\/www.paradiseresortdoclet.com\/wp-content\/uploads\/2023\/10\/z4784739986531_308a19e27adc85b6707eb5cfcb986307.jpg\"><\/a><\/div><div class=\"col-6 col-sm-6 col-lg-4\"><a href=\"https:\/\/www.paradiseresortdoclet.com\/wp-content\/uploads\/2023\/10\/z4784739968042_2c7d0f6bd7c8f6d2f5135c5c416c9237.jpg\"  title=\"\" data-elementor-open-lightbox=\"no\"><img decoding=\"async\" src=\"https:\/\/www.paradiseresortdoclet.com\/wp-content\/uploads\/2023\/10\/z4784739968042_2c7d0f6bd7c8f6d2f5135c5c416c9237.jpg\"><\/a><\/div><div class=\"col-6 col-sm-6 col-lg-4\"><a href=\"https:\/\/www.paradiseresortdoclet.com\/wp-content\/uploads\/2023\/09\/z4703790316099_3cfdc8f09045c4acdc5bde95e183820e.jpg\"  title=\"\" data-elementor-open-lightbox=\"no\"><img decoding=\"async\" src=\"https:\/\/www.paradiseresortdoclet.com\/wp-content\/uploads\/2023\/09\/z4703790316099_3cfdc8f09045c4acdc5bde95e183820e.jpg\"><\/a><\/div><div class=\"col-6 col-sm-6 col-lg-4\"><a href=\"https:\/\/www.paradiseresortdoclet.com\/wp-content\/uploads\/2023\/08\/z4595152936526_24c11e791d782a3275fcd1a3e84d7bee.jpg\"  title=\"\" data-elementor-open-lightbox=\"no\"><img decoding=\"async\" src=\"https:\/\/www.paradiseresortdoclet.com\/wp-content\/uploads\/2023\/08\/z4595152936526_24c11e791d782a3275fcd1a3e84d7bee.jpg\"><\/a><\/div><div class=\"col-6 col-sm-6 col-lg-4\"><a href=\"https:\/\/www.paradiseresortdoclet.com\/wp-content\/uploads\/2023\/08\/z4643240604133_23a75b34f4ebc738d7a5db38f5f3ea80-1.jpg\"  title=\"\" data-elementor-open-lightbox=\"no\"><img decoding=\"async\" src=\"https:\/\/www.paradiseresortdoclet.com\/wp-content\/uploads\/2023\/08\/z4643240604133_23a75b34f4ebc738d7a5db38f5f3ea80-1.jpg\"><\/a><\/div><div class=\"col-6 col-sm-6 col-lg-4\"><a href=\"https:\/\/www.paradiseresortdoclet.com\/wp-content\/uploads\/2023\/10\/z4786154479671_5c0798b1d9c04dc5fe1595af5554c7b7.jpg\"  title=\"\" data-elementor-open-lightbox=\"no\"><img decoding=\"async\" src=\"https:\/\/www.paradiseresortdoclet.com\/wp-content\/uploads\/2023\/10\/z4786154479671_5c0798b1d9c04dc5fe1595af5554c7b7.jpg\"><\/a><\/div><div class=\"col-6 col-sm-6 col-lg-4\"><a href=\"https:\/\/www.paradiseresortdoclet.com\/wp-content\/uploads\/2023\/08\/z4571590809276_bd94f1092cf52f8227b4a633a95f9cde.jpg\"  title=\"\" data-elementor-open-lightbox=\"no\"><img decoding=\"async\" src=\"https:\/\/www.paradiseresortdoclet.com\/wp-content\/uploads\/2023\/08\/z4571590809276_bd94f1092cf52f8227b4a633a95f9cde.jpg\"><\/a><\/div><div class=\"col-6 col-sm-6 col-lg-4\"><a href=\"https:\/\/www.paradiseresortdoclet.com\/wp-content\/uploads\/2023\/10\/z4786154618171_387a479b0c7bac29fd12e8762a03044b.jpg\"  title=\"\" data-elementor-open-lightbox=\"no\"><img decoding=\"async\" src=\"https:\/\/www.paradiseresortdoclet.com\/wp-content\/uploads\/2023\/10\/z4786154618171_387a479b0c7bac29fd12e8762a03044b.jpg\"><\/a><\/div><div class=\"col-6 col-sm-6 col-lg-4\"><a href=\"https:\/\/www.paradiseresortdoclet.com\/wp-content\/uploads\/2023\/10\/z4784740539928_c8c94440179d6bb9b907474f78dad6b2.jpg\"  title=\"\" data-elementor-open-lightbox=\"no\"><img decoding=\"async\" src=\"https:\/\/www.paradiseresortdoclet.com\/wp-content\/uploads\/2023\/10\/z4784740539928_c8c94440179d6bb9b907474f78dad6b2.jpg\"><\/a><\/div><div class=\"col-6 col-sm-6 col-lg-4\"><a href=\"https:\/\/www.paradiseresortdoclet.com\/wp-content\/uploads\/2023\/10\/z4786154582874_70dc6e5b22bedc788bf1a0b9672903a6.jpg\"  title=\"\" data-elementor-open-lightbox=\"no\"><img decoding=\"async\" src=\"https:\/\/www.paradiseresortdoclet.com\/wp-content\/uploads\/2023\/10\/z4786154582874_70dc6e5b22bedc788bf1a0b9672903a6.jpg\"><\/a><\/div><div class=\"col-6 col-sm-6 col-lg-4\"><a href=\"https:\/\/www.paradiseresortdoclet.com\/wp-content\/uploads\/2023\/10\/z4786154526215_e50f135d1acb0ed8cf33631cac649abe.jpg\"  title=\"\" data-elementor-open-lightbox=\"no\"><img decoding=\"async\" src=\"https:\/\/www.paradiseresortdoclet.com\/wp-content\/uploads\/2023\/10\/z4786154526215_e50f135d1acb0ed8cf33631cac649abe.jpg\"><\/a><\/div><div class=\"col-6 col-sm-6 col-lg-4\"><a href=\"https:\/\/www.paradiseresortdoclet.com\/wp-content\/uploads\/2023\/10\/z4786154562640_0d9016b20973214735d549326da19b56.jpg\"  title=\"\" data-elementor-open-lightbox=\"no\"><img decoding=\"async\" src=\"https:\/\/www.paradiseresortdoclet.com\/wp-content\/uploads\/2023\/10\/z4786154562640_0d9016b20973214735d549326da19b56.jpg\"><\/a><\/div><div class=\"col-6 col-sm-6 col-lg-4\"><a href=\"https:\/\/www.paradiseresortdoclet.com\/wp-content\/uploads\/2023\/10\/z4786154499005_440f8536a9c9b6dcdf4208ef256985ab.jpg\"  title=\"\" data-elementor-open-lightbox=\"no\"><img decoding=\"async\" src=\"https:\/\/www.paradiseresortdoclet.com\/wp-content\/uploads\/2023\/10\/z4786154499005_440f8536a9c9b6dcdf4208ef256985ab.jpg\"><\/a><\/div><div class=\"col-6 col-sm-6 col-lg-4\"><a href=\"https:\/\/www.paradiseresortdoclet.com\/wp-content\/uploads\/2023\/10\/z4786154656149_2dc5c043cf10965e4678082741c833d7.jpg\"  title=\"\" data-elementor-open-lightbox=\"no\"><img decoding=\"async\" src=\"https:\/\/www.paradiseresortdoclet.com\/wp-content\/uploads\/2023\/10\/z4786154656149_2dc5c043cf10965e4678082741c833d7.jpg\"><\/a><\/div><div class=\"col-6 col-sm-6 col-lg-4\"><a href=\"https:\/\/www.paradiseresortdoclet.com\/wp-content\/uploads\/2023\/10\/z4786154690832_2ed8e7ab3f1d38d7da3ed2513d2a23a4.jpg\"  title=\"\" data-elementor-open-lightbox=\"no\"><img decoding=\"async\" src=\"https:\/\/www.paradiseresortdoclet.com\/wp-content\/uploads\/2023\/10\/z4786154690832_2ed8e7ab3f1d38d7da3ed2513d2a23a4.jpg\"><\/a><\/div><div class=\"col-6 col-sm-6 col-lg-4\"><a href=\"https:\/\/www.paradiseresortdoclet.com\/wp-content\/uploads\/2023\/10\/z4786154730595_9620fb19cd61e0227614ec0a8c99ab42.jpg\"  title=\"\" data-elementor-open-lightbox=\"no\"><img decoding=\"async\" src=\"https:\/\/www.paradiseresortdoclet.com\/wp-content\/uploads\/2023\/10\/z4786154730595_9620fb19cd61e0227614ec0a8c99ab42.jpg\"><\/a><\/div><div class=\"col-6 col-sm-6 col-lg-4\"><a href=\"https:\/\/www.paradiseresortdoclet.com\/wp-content\/uploads\/2023\/10\/z4786154769206_9ce59473328ef728571393f5fa47d25b.jpg\"  title=\"\" data-elementor-open-lightbox=\"no\"><img decoding=\"async\" src=\"https:\/\/www.paradiseresortdoclet.com\/wp-content\/uploads\/2023\/10\/z4786154769206_9ce59473328ef728571393f5fa47d25b.jpg\"><\/a><\/div><div class=\"col-6 col-sm-6 col-lg-4\"><a href=\"https:\/\/www.paradiseresortdoclet.com\/wp-content\/uploads\/2023\/10\/z4786154824976_8d89459ac383f074cb501758c49b2273.jpg\"  title=\"\" data-elementor-open-lightbox=\"no\"><img decoding=\"async\" src=\"https:\/\/www.paradiseresortdoclet.com\/wp-content\/uploads\/2023\/10\/z4786154824976_8d89459ac383f074cb501758c49b2273.jpg\"><\/a><\/div><div class=\"col-6 col-sm-6 col-lg-4\"><a href=\"https:\/\/www.paradiseresortdoclet.com\/wp-content\/uploads\/2023\/10\/z4784740015513_03a385c3e00f9499f9838ff70f7c6f52.jpg\"  title=\"\" data-elementor-open-lightbox=\"no\"><img decoding=\"async\" src=\"https:\/\/www.paradiseresortdoclet.com\/wp-content\/uploads\/2023\/10\/z4784740015513_03a385c3e00f9499f9838ff70f7c6f52.jpg\"><\/a><\/div><div class=\"col-6 col-sm-6 col-lg-4\"><a href=\"https:\/\/www.paradiseresortdoclet.com\/wp-content\/uploads\/2023\/10\/z4786154882429_1ecdc088c3e487b8fcb70400a124ca7b.jpg\"  title=\"\" data-elementor-open-lightbox=\"no\"><img decoding=\"async\" src=\"https:\/\/www.paradiseresortdoclet.com\/wp-content\/uploads\/2023\/10\/z4786154882429_1ecdc088c3e487b8fcb70400a124ca7b.jpg\"><\/a><\/div><\/div><\/div><\/div>            <\/div>\r\n<\/div>\t\t\t\t<\/div>\n\t\t\t\t<\/div>\n\t\t\t\t\t<\/div>\n\t\t\t\t<\/div>\n\t\t\t\t<\/div>","protected":false},"excerpt":{"rendered":"<p>Kh\u00e1m Ph\u00e1 Thi\u00ean \u0110\u01b0\u1eddng Nhi\u1ec7t \u0110\u1edbi<\/p>","protected":false},"author":1,"featured_media":0,"parent":0,"menu_order":0,"comment_status":"closed","ping_status":"closed","template":"template-blank.php","meta":{"footnotes":""},"class_list":["post-15298","page","type-page","status-publish","has-post-thumbnail","hentry"],"_links":{"self":[{"href":"https:\/\/www.paradiseresortdoclet.com\/vi\/wp-json\/wp\/v2\/pages\/15298","targetHints":{"allow":["GET"]}}],"collection":[{"href":"https:\/\/www.paradiseresortdoclet.com\/vi\/wp-json\/wp\/v2\/pages"}],"about":[{"href":"https:\/\/www.paradiseresortdoclet.com\/vi\/wp-json\/wp\/v2\/types\/page"}],"author":[{"embeddable":true,"href":"https:\/\/www.paradiseresortdoclet.com\/vi\/wp-json\/wp\/v2\/users\/1"}],"replies":[{"embeddable":true,"href":"https:\/\/www.paradiseresortdoclet.com\/vi\/wp-json\/wp\/v2\/comments?post=15298"}],"version-history":[{"count":31,"href":"https:\/\/www.paradiseresortdoclet.com\/vi\/wp-json\/wp\/v2\/pages\/15298\/revisions"}],"predecessor-version":[{"id":19370,"href":"https:\/\/www.paradiseresortdoclet.com\/vi\/wp-json\/wp\/v2\/pages\/15298\/revisions\/19370"}],"wp:attachment":[{"href":"https:\/\/www.paradiseresortdoclet.com\/vi\/wp-json\/wp\/v2\/media?parent=15298"}],"curies":[{"name":"wp","href":"https:\/\/api.w.org\/{rel}","templated":true}]}}